{"id":2,"date":"2023-01-12T20:49:45","date_gmt":"2023-01-12T19:49:45","guid":{"rendered":"http:\/\/haus-gies.de\/?page_id=2"},"modified":"2023-01-21T11:57:37","modified_gmt":"2023-01-21T10:57:37","slug":"beispiel-seite","status":"publish","type":"page","link":"http:\/\/haus-gies.de\/","title":{"rendered":"Herzlich Willkommen!"},"content":{"rendered":"\t\t<div data-elementor-type=\"wp-page\" data-elementor-id=\"2\" class=\"elementor elementor-2\">\n\t\t\t\t\t\t\t\t\t<section class=\"elementor-section elementor-top-section elementor-element elementor-element-4fd6c6e4 elementor-section-boxed elementor-section-height-default elementor-section-height-default wpr-particle-no wpr-jarallax-no wpr-parallax-no wpr-sticky-section-no\" data-id=\"4fd6c6e4\" data-element_type=\"section\">\n\t\t\t\t\t\t<div class=\"elementor-container elementor-column-gap-default\">\n\t\t\t\t\t<div class=\"elementor-column elementor-col-100 elementor-top-column elementor-element elementor-element-7b2d31e6\" data-id=\"7b2d31e6\" data-element_type=\"column\">\n\t\t\t<div class=\"elementor-widget-wrap elementor-element-populated\">\n\t\t\t\t\t\t\t\t<div class=\"elementor-element elementor-element-2843dae0 elementor-widget elementor-widget-text-editor\" data-id=\"2843dae0\" data-element_type=\"widget\" data-widget_type=\"text-editor.default\">\n\t\t\t\t<div class=\"elementor-widget-container\">\n\t\t\t<style>\/*! elementor - v3.10.1 - 17-01-2023 *\/\n.elementor-widget-text-editor.elementor-drop-cap-view-stacked .elementor-drop-cap{background-color:#818a91;color:#fff}.elementor-widget-text-editor.elementor-drop-cap-view-framed .elementor-drop-cap{color:#818a91;border:3px solid;background-color:transparent}.elementor-widget-text-editor:not(.elementor-drop-cap-view-default) .elementor-drop-cap{margin-top:8px}.elementor-widget-text-editor:not(.elementor-drop-cap-view-default) .elementor-drop-cap-letter{width:1em;height:1em}.elementor-widget-text-editor .elementor-drop-cap{float:left;text-align:center;line-height:1;font-size:50px}.elementor-widget-text-editor .elementor-drop-cap-letter{display:inline-block}<\/style>\t\t\t\t<p><!-- wp:paragraph --><\/p>\n<p style=\"text-align: left;\">Wir bieten unsere Ferienwohnung in bester Lage von April bis Oktober an. Wasserburg liegt nur 15 Minuten per Rad von Lindau entfernt. Zu einem \u00f6ffentlichen Zugang zum See gehen Sie keine 200 m.&nbsp;In der Galerie k\u00f6nnen Sie sich einen Eindruck verschaffen. Die Konditionen f\u00fcr die Vermietung finden Sie <a href=\"http:\/\/haus-gies.de\/index.php\/konditionen\/\">hier<\/a>.&nbsp;<\/p>\n<p>Sie erreichen uns tags\u00fcber unter +49 8382 22357 oder jederzeit per eMail unter&nbsp;<span style=\"font-family: var( --e-global-typography-text-font-family ), Sans-serif;\"><span style=\"font-weight: var( --e-global-typography-text-font-weight ); background-color: #ffffff; letter-spacing: 0px;\"><a href=\"mailto:kontakt@haus-gies.de\">kontakt@haus-gies.de<\/a><\/span><\/span><\/p>\n<p>Ihre Familie Gies.&nbsp;<span style=\"color: var( --e-global-color-text ); font-family: var( --e-global-typography-text-font-family ), Sans-serif; letter-spacing: 0px;\">Wir freuen uns auf Sie!<\/span><\/p>\t\t\t\t\t\t<\/div>\n\t\t\t\t<\/div>\n\t\t\t\t\t<\/div>\n\t\t<\/div>\n\t\t\t\t\t\t\t<\/div>\n\t\t<\/section>\n\t\t\t\t\t\t\t<\/div>\n\t\t","protected":false},"excerpt":{"rendered":"<p>Wir bieten unsere Ferienwohnung in bester Lage von April bis Oktober an. Wasserburg liegt nur 15 Minuten per Rad von Lindau entfernt. Zu einem \u00f6ffentlichen Zugang zum See gehen Sie keine 200 m.&nbsp;In der Galerie k\u00f6nnen Sie sich einen Eindruck verschaffen. Die Konditionen f\u00fcr die Vermietung finden Sie hier.&nbsp; Sie erreichen uns tags\u00fcber unter +49 8382 22357 oder jederzeit per eMail unter&nbsp;kontakt@haus-gies.de Ihre Familie Gies.&nbsp;Wir freuen uns auf Sie!<\/p>\n","protected":false},"author":1,"featured_media":0,"parent":0,"menu_order":0,"comment_status":"closed","ping_status":"closed","template":"","meta":{"footnotes":""},"class_list":["post-2","page","type-page","status-publish","hentry"],"acf":[],"_links":{"self":[{"href":"http:\/\/haus-gies.de\/index.php\/wp-json\/wp\/v2\/pages\/2","targetHints":{"allow":["GET"]}}],"collection":[{"href":"http:\/\/haus-gies.de\/index.php\/wp-json\/wp\/v2\/pages"}],"about":[{"href":"http:\/\/haus-gies.de\/index.php\/wp-json\/wp\/v2\/types\/page"}],"author":[{"embeddable":true,"href":"http:\/\/haus-gies.de\/index.php\/wp-json\/wp\/v2\/users\/1"}],"replies":[{"embeddable":true,"href":"http:\/\/haus-gies.de\/index.php\/wp-json\/wp\/v2\/comments?post=2"}],"version-history":[{"count":31,"href":"http:\/\/haus-gies.de\/index.php\/wp-json\/wp\/v2\/pages\/2\/revisions"}],"predecessor-version":[{"id":226,"href":"http:\/\/haus-gies.de\/index.php\/wp-json\/wp\/v2\/pages\/2\/revisions\/226"}],"wp:attachment":[{"href":"http:\/\/haus-gies.de\/index.php\/wp-json\/wp\/v2\/media?parent=2"}],"curies":[{"name":"wp","href":"https:\/\/api.w.org\/{rel}","templated":true}]}}