{"id":38,"date":"2023-01-15T12:49:50","date_gmt":"2023-01-15T11:49:50","guid":{"rendered":"http:\/\/haus-gies.de\/?page_id=38"},"modified":"2025-08-23T15:42:30","modified_gmt":"2025-08-23T13:42:30","slug":"konditionen","status":"publish","type":"page","link":"http:\/\/haus-gies.de\/index.php\/konditionen\/","title":{"rendered":"Konditionen"},"content":{"rendered":"\t\t<div data-elementor-type=\"wp-page\" data-elementor-id=\"38\" class=\"elementor elementor-38\">\n\t\t\t\t\t\t\t\t\t<section class=\"elementor-section elementor-top-section elementor-element elementor-element-31033d7f elementor-section-boxed elementor-section-height-default elementor-section-height-default wpr-particle-no wpr-jarallax-no wpr-parallax-no wpr-sticky-section-no\" data-id=\"31033d7f\" data-element_type=\"section\">\n\t\t\t\t\t\t<div class=\"elementor-container elementor-column-gap-default\">\n\t\t\t\t\t<div class=\"elementor-column elementor-col-100 elementor-top-column elementor-element elementor-element-117c423a\" data-id=\"117c423a\" data-element_type=\"column\">\n\t\t\t<div class=\"elementor-widget-wrap elementor-element-populated\">\n\t\t\t\t\t\t\t\t<div class=\"elementor-element elementor-element-161ba165 elementor-widget elementor-widget-text-editor\" data-id=\"161ba165\" data-element_type=\"widget\" data-widget_type=\"text-editor.default\">\n\t\t\t\t<div class=\"elementor-widget-container\">\n\t\t\t<style>\/*! elementor - v3.10.1 - 17-01-2023 *\/\n.elementor-widget-text-editor.elementor-drop-cap-view-stacked .elementor-drop-cap{background-color:#818a91;color:#fff}.elementor-widget-text-editor.elementor-drop-cap-view-framed .elementor-drop-cap{color:#818a91;border:3px solid;background-color:transparent}.elementor-widget-text-editor:not(.elementor-drop-cap-view-default) .elementor-drop-cap{margin-top:8px}.elementor-widget-text-editor:not(.elementor-drop-cap-view-default) .elementor-drop-cap-letter{width:1em;height:1em}.elementor-widget-text-editor .elementor-drop-cap{float:left;text-align:center;line-height:1;font-size:50px}.elementor-widget-text-editor .elementor-drop-cap-letter{display:inline-block}<\/style>\t\t\t\t<p>In der Saison 2026 betr\u00e4gt der Mietpreis der Ferienwohnung \u00a095,00 \u20ac pro \u00dcbernachtung, zuz\u00fcglich der Kurabgabe an die Gemeinde Wasserburg. <span style=\"color: var( --e-global-color-text ); font-family: var( --e-global-typography-text-font-family ), Sans-serif; letter-spacing: 0px;\">Haus Gies ist ein Haus f\u00fcr Nichtraucher. Im Interesse unserer G\u00e4ste m\u00fcssen wir darauf bestehen, dass in der Ferienwohnung und auch auf der Dachterrasse nicht geraucht wird. Bitte haben Sie daf\u00fcr Verst\u00e4ndnis.\u00a0<\/span><span style=\"color: var( --e-global-color-text ); font-family: var( --e-global-typography-text-font-family ), Sans-serif; letter-spacing: 0px;\">Wir lieben zwar Tiere, aber im Interesse unserer G\u00e4ste leider nicht in der Ferienwohnung. Unsere G\u00e4ster\u00e4der k\u00f6nnen Sie gegen Geb\u00fchr benutzen.<\/span><\/p>\n<p>\u00a0<\/p>\n<p><strong style=\"color: var( --e-global-color-text ); font-family: var( --e-global-typography-text-font-family ), Sans-serif; letter-spacing: 0px;\"><em>GESCH\u00c4FTSBEDINGUNGEN<\/em><\/strong><\/p>\n<p><!-- \/wp:paragraph --><\/p>\n<p><!-- wp:paragraph --><\/p>\n<p>Mit einer m\u00fcndlichen oder schriftlichen Unterkunftsvereinbarung schlie\u00dfen Sie mit Ihrem k\u00fcnftigen Gastgeber einen rechtsg\u00fcltigen Mietvertrag ab. Es gelten die Bestimmungen des befristeten Mietvertrags aus dem BGB und zus\u00e4tzlich die Rahmenbedingungen des Deutschen Hotel- und Gastst\u00e4ttenverbandes DEHOGA.<\/p>\n<p><!-- \/wp:paragraph --><\/p>\n<p><!-- wp:paragraph --><\/p>\n<p><strong><em>BUCHUNG UND STORNIERUNG<\/em><\/strong><\/p>\n<p><!-- \/wp:paragraph --><\/p>\n<p><!-- wp:paragraph --><\/p>\n<p>1. Der Gastaufnahmevertrag ist abgeschlossen, sobald die Unterkunft bestellt und zugesagt ist.<\/p>\n<p><!-- \/wp:paragraph --><\/p>\n<p><!-- wp:paragraph --><\/p>\n<p>2. Der Abschluss des Gastaufnahmevertrags verpflichtet beide Parteien zu Erf\u00fcllung des Vertrags.<\/p>\n<p><!-- \/wp:paragraph --><\/p>\n<p><!-- wp:paragraph --><\/p>\n<p>3. Der Vermieter ist verpflichtet, bei Nichtbereitstellung der Unterkunft dem Gast Schadenersatz zu leisten.<\/p>\n<p><!-- \/wp:paragraph --><\/p>\n<p><!-- wp:paragraph --><\/p>\n<p>4. Der Gast ist verpflichtet, bei Nichtinanspruchnahme der vertraglichen Leistungen den vereinbarten Preis zu zahlen, abz\u00fcglich der vom Vermieter ersparten Aufwendungen. Dies gilt auch bei vorzeitiger Abreise des Gastes. Bei Ferienwohnungen betr\u00e4gt die Minderung 10 % des vereinbarten Preises.<\/p>\n<p><!-- \/wp:paragraph --><\/p>\n<p><!-- wp:paragraph --><\/p>\n<p>5. Der Vermieter ist nach Treu und Glauben gehalten, die nicht in Anspruch genommene Unterkunft nach M\u00f6glichkeit anderweitig zu vermieten. Bis zur Weitervermietung haftet der Gast jedoch nach Punkt 4.<\/p>\n<p><!-- \/wp:paragraph --><\/p>\n<p><!-- wp:paragraph --><\/p>\n<p>6. Der Gast wird umgehend auf seine Verpflichtung hingewiesen, evtl. Ausfallkosten zu \u00fcbernehmen. Die Kosten werden dem Gast nach Ablauf des stornierten Buchungszeitraumes in Rechnung gestellt.<\/p>\n<p>7. F\u00fcr die Richtigkeit der Angaben bei diversen Internetportalen \u00fcbernehmen wir keine Gew\u00e4hr. Grundlage des Mietvertrages sind ausschlie\u00dflich die Angaben in dieser HOMEPAGE.<\/p>\n<p><!-- \/wp:paragraph --><\/p>\n<p><!-- wp:paragraph --><\/p>\n<p>Wir empfehlen Ihnen, eine Reiser\u00fccktrittskostenversicherung abzuschlie\u00dfen. Genauere Informationen dazu und die Online-Buchungsm\u00f6glichkeit finden Sie im Internet. \u00a0Gerichtsstand ist Lindau (Bodensee).<\/p>\n<p><!-- \/wp:paragraph --><\/p>\t\t\t\t\t\t<\/div>\n\t\t\t\t<\/div>\n\t\t\t\t\t<\/div>\n\t\t<\/div>\n\t\t\t\t\t\t\t<\/div>\n\t\t<\/section>\n\t\t\t\t\t\t\t<\/div>\n\t\t","protected":false},"excerpt":{"rendered":"<p>In der Saison 2026 betr\u00e4gt der Mietpreis der Ferienwohnung \u00a095,00 \u20ac pro \u00dcbernachtung, zuz\u00fcglich der Kurabgabe an die Gemeinde Wasserburg. Haus Gies ist ein Haus f\u00fcr Nichtraucher. Im Interesse unserer G\u00e4ste m\u00fcssen wir darauf bestehen, dass in der Ferienwohnung und auch auf der Dachterrasse nicht geraucht wird. Bitte haben Sie daf\u00fcr Verst\u00e4ndnis.\u00a0Wir lieben zwar Tiere, aber im Interesse unserer G\u00e4ste leider nicht in der Ferienwohnung. Unsere G\u00e4ster\u00e4der k\u00f6nnen Sie gegen Geb\u00fchr benutzen. \u00a0 GESCH\u00c4FTSBEDINGUNGEN Mit einer m\u00fcndlichen oder schriftlichen Unterkunftsvereinbarung schlie\u00dfen Sie mit Ihrem k\u00fcnftigen Gastgeber einen rechtsg\u00fcltigen Mietvertrag ab. Es gelten die Bestimmungen des befristeten Mietvertrags aus dem BGB und zus\u00e4tzlich die Rahmenbedingungen des Deutschen Hotel- und Gastst\u00e4ttenverbandes DEHOGA. BUCHUNG UND STORNIERUNG 1. Der Gastaufnahmevertrag ist abgeschlossen, sobald die Unterkunft bestellt und zugesagt ist. 2. Der Abschluss des Gastaufnahmevertrags verpflichtet beide Parteien zu Erf\u00fcllung des Vertrags. 3. Der Vermieter ist verpflichtet, bei Nichtbereitstellung der Unterkunft dem Gast Schadenersatz zu leisten. 4. Der Gast ist verpflichtet, bei Nichtinanspruchnahme der vertraglichen Leistungen den vereinbarten Preis zu zahlen, abz\u00fcglich der vom Vermieter ersparten Aufwendungen. Dies gilt auch bei vorzeitiger Abreise des Gastes. Bei Ferienwohnungen betr\u00e4gt die Minderung 10 % des vereinbarten Preises. 5. Der Vermieter ist nach Treu und Glauben gehalten, die nicht in Anspruch genommene Unterkunft nach M\u00f6glichkeit anderweitig zu vermieten. Bis zur Weitervermietung haftet der Gast jedoch nach Punkt 4. 6. Der Gast wird umgehend auf seine Verpflichtung hingewiesen, evtl. Ausfallkosten zu \u00fcbernehmen. Die Kosten werden dem Gast nach Ablauf des stornierten Buchungszeitraumes in Rechnung gestellt. 7. F\u00fcr die Richtigkeit der Angaben bei diversen Internetportalen \u00fcbernehmen wir keine Gew\u00e4hr. Grundlage des Mietvertrages sind ausschlie\u00dflich die Angaben in dieser HOMEPAGE. Wir empfehlen Ihnen, eine Reiser\u00fccktrittskostenversicherung abzuschlie\u00dfen. Genauere Informationen dazu und die Online-Buchungsm\u00f6glichkeit finden Sie im Internet. \u00a0Gerichtsstand ist Lindau (Bodensee).<\/p>\n","protected":false},"author":1,"featured_media":0,"parent":0,"menu_order":10,"comment_status":"closed","ping_status":"closed","template":"","meta":{"footnotes":""},"class_list":["post-38","page","type-page","status-publish","hentry"],"acf":[],"_links":{"self":[{"href":"http:\/\/haus-gies.de\/index.php\/wp-json\/wp\/v2\/pages\/38","targetHints":{"allow":["GET"]}}],"collection":[{"href":"http:\/\/haus-gies.de\/index.php\/wp-json\/wp\/v2\/pages"}],"about":[{"href":"http:\/\/haus-gies.de\/index.php\/wp-json\/wp\/v2\/types\/page"}],"author":[{"embeddable":true,"href":"http:\/\/haus-gies.de\/index.php\/wp-json\/wp\/v2\/users\/1"}],"replies":[{"embeddable":true,"href":"http:\/\/haus-gies.de\/index.php\/wp-json\/wp\/v2\/comments?post=38"}],"version-history":[{"count":33,"href":"http:\/\/haus-gies.de\/index.php\/wp-json\/wp\/v2\/pages\/38\/revisions"}],"predecessor-version":[{"id":348,"href":"http:\/\/haus-gies.de\/index.php\/wp-json\/wp\/v2\/pages\/38\/revisions\/348"}],"wp:attachment":[{"href":"http:\/\/haus-gies.de\/index.php\/wp-json\/wp\/v2\/media?parent=38"}],"curies":[{"name":"wp","href":"https:\/\/api.w.org\/{rel}","templated":true}]}}